{"id":5265,"date":"2023-05-29T14:53:35","date_gmt":"2023-05-29T17:53:35","guid":{"rendered":"https:\/\/infinitytech.com.br\/?page_id=5265"},"modified":"2023-05-29T15:14:33","modified_gmt":"2023-05-29T18:14:33","slug":"piracanjuba-projeto-de-drenagem-sustentavel-com-impacto-zero-na-bacia","status":"publish","type":"page","link":"https:\/\/infinitytech.com.br\/en\/piracanjuba-projeto-de-drenagem-sustentavel-com-impacto-zero-na-bacia\/","title":{"rendered":"Piracanjuba &#8211; Projeto de Drenagem Sustent\u00e1vel com impacto zero na bacia"},"content":{"rendered":"<div data-elementor-type=\"wp-page\" data-elementor-id=\"5265\" class=\"elementor elementor-5265\" data-elementor-post-type=\"page\">\n\t\t\t\t\t\t\t\t\t<section class=\"elementor-section elementor-top-section elementor-element elementor-element-c3f4e99 elementor-section-boxed elementor-section-height-default elementor-section-height-default\" data-id=\"c3f4e99\" data-element_type=\"section\" data-settings=\"{&quot;_ha_eqh_enable&quot;:false}\">\n\t\t\t\t\t\t<div class=\"elementor-container elementor-column-gap-default\">\n\t\t\t\t\t<div class=\"elementor-column elementor-col-100 elementor-top-column elementor-element elementor-element-a425d15\" data-id=\"a425d15\" data-element_type=\"column\">\n\t\t\t<div class=\"elementor-widget-wrap elementor-element-populated\">\n\t\t\t\t\t\t\t\t<div class=\"elementor-element elementor-element-3fa80a9 elementor-position-left elementor-vertical-align-top elementor-widget elementor-widget-image-box\" data-id=\"3fa80a9\" data-element_type=\"widget\" data-widget_type=\"image-box.default\">\n\t\t\t\t<div class=\"elementor-widget-container\">\n\t\t\t<style>\/*! elementor - v3.17.0 - 08-11-2023 *\/\n.elementor-widget-image-box .elementor-image-box-content{width:100%}@media (min-width:768px){.elementor-widget-image-box.elementor-position-left .elementor-image-box-wrapper,.elementor-widget-image-box.elementor-position-right .elementor-image-box-wrapper{display:flex}.elementor-widget-image-box.elementor-position-right .elementor-image-box-wrapper{text-align:right;flex-direction:row-reverse}.elementor-widget-image-box.elementor-position-left .elementor-image-box-wrapper{text-align:left;flex-direction:row}.elementor-widget-image-box.elementor-position-top .elementor-image-box-img{margin:auto}.elementor-widget-image-box.elementor-vertical-align-top .elementor-image-box-wrapper{align-items:flex-start}.elementor-widget-image-box.elementor-vertical-align-middle .elementor-image-box-wrapper{align-items:center}.elementor-widget-image-box.elementor-vertical-align-bottom .elementor-image-box-wrapper{align-items:flex-end}}@media (max-width:767px){.elementor-widget-image-box .elementor-image-box-img{margin-left:auto!important;margin-right:auto!important;margin-bottom:15px}}.elementor-widget-image-box .elementor-image-box-img{display:inline-block}.elementor-widget-image-box .elementor-image-box-title a{color:inherit}.elementor-widget-image-box .elementor-image-box-wrapper{text-align:center}.elementor-widget-image-box .elementor-image-box-description{margin:0}<\/style><div class=\"elementor-image-box-wrapper\"><figure class=\"elementor-image-box-img\"><img loading=\"lazy\" decoding=\"async\" width=\"2084\" height=\"2084\" src=\"https:\/\/infinitytech.com.br\/wp-content\/uploads\/2023\/04\/icon_06-01.png\" class=\"attachment-full size-full wp-image-3245\" alt=\"\" srcset=\"https:\/\/infinitytech.com.br\/wp-content\/uploads\/2023\/04\/icon_06-01.png 2084w, https:\/\/infinitytech.com.br\/wp-content\/uploads\/2023\/04\/icon_06-01-300x300.png 300w, https:\/\/infinitytech.com.br\/wp-content\/uploads\/2023\/04\/icon_06-01-1024x1024.png 1024w, https:\/\/infinitytech.com.br\/wp-content\/uploads\/2023\/04\/icon_06-01-150x150.png 150w, https:\/\/infinitytech.com.br\/wp-content\/uploads\/2023\/04\/icon_06-01-768x768.png 768w, https:\/\/infinitytech.com.br\/wp-content\/uploads\/2023\/04\/icon_06-01-1536x1536.png 1536w, https:\/\/infinitytech.com.br\/wp-content\/uploads\/2023\/04\/icon_06-01-2048x2048.png 2048w\" sizes=\"auto, (max-width: 2084px) 100vw, 2084px\" \/><\/figure><div class=\"elementor-image-box-content\"><h3 class=\"elementor-image-box-title\">Drenagem sustent\u00e1vel<\/h3><\/div><\/div>\t\t<\/div>\n\t\t\t\t<\/div>\n\t\t\t\t<section class=\"elementor-section elementor-inner-section elementor-element elementor-element-614a763 elementor-section-boxed elementor-section-height-default elementor-section-height-default\" data-id=\"614a763\" data-element_type=\"section\" data-settings=\"{&quot;_ha_eqh_enable&quot;:false}\">\n\t\t\t\t\t\t<div class=\"elementor-container elementor-column-gap-default\">\n\t\t\t\t\t<div class=\"elementor-column elementor-col-33 elementor-inner-column elementor-element elementor-element-c013d8f\" data-id=\"c013d8f\" data-element_type=\"column\">\n\t\t\t<div class=\"elementor-widget-wrap elementor-element-populated\">\n\t\t\t\t\t\t\t\t<div class=\"elementor-element elementor-element-0dc10b7 elementor-widget elementor-widget-text-editor\" data-id=\"0dc10b7\" data-element_type=\"widget\" data-widget_type=\"text-editor.default\">\n\t\t\t\t<div class=\"elementor-widget-container\">\n\t\t\t<style>\/*! elementor - v3.17.0 - 08-11-2023 *\/\n.elementor-widget-text-editor.elementor-drop-cap-view-stacked .elementor-drop-cap{background-color:#69727d;color:#fff}.elementor-widget-text-editor.elementor-drop-cap-view-framed .elementor-drop-cap{color:#69727d;border:3px solid;background-color:transparent}.elementor-widget-text-editor:not(.elementor-drop-cap-view-default) .elementor-drop-cap{margin-top:8px}.elementor-widget-text-editor:not(.elementor-drop-cap-view-default) .elementor-drop-cap-letter{width:1em;height:1em}.elementor-widget-text-editor .elementor-drop-cap{float:left;text-align:center;line-height:1;font-size:50px}.elementor-widget-text-editor .elementor-drop-cap-letter{display:inline-block}<\/style>\t\t\t\t<b>TERRENO<br>SUSTENT\u00c1VEL<\/b>\t\t\t\t\t\t<\/div>\n\t\t\t\t<\/div>\n\t\t\t\t<div class=\"elementor-element elementor-element-29dfcd8 elementor-widget elementor-widget-image\" data-id=\"29dfcd8\" data-element_type=\"widget\" data-widget_type=\"image.default\">\n\t\t\t\t<div class=\"elementor-widget-container\">\n\t\t\t<style>\/*! elementor - v3.17.0 - 08-11-2023 *\/\n.elementor-widget-image{text-align:center}.elementor-widget-image a{display:inline-block}.elementor-widget-image a img[src$=\".svg\"]{width:48px}.elementor-widget-image img{vertical-align:middle;display:inline-block}<\/style>\t\t\t\t\t\t\t\t\t\t\t\t<img loading=\"lazy\" decoding=\"async\" width=\"578\" height=\"177\" src=\"https:\/\/infinitytech.com.br\/wp-content\/uploads\/2023\/05\/seta.png\" class=\"attachment-large size-large wp-image-5271\" alt=\"\" srcset=\"https:\/\/infinitytech.com.br\/wp-content\/uploads\/2023\/05\/seta.png 578w, https:\/\/infinitytech.com.br\/wp-content\/uploads\/2023\/05\/seta-300x92.png 300w\" sizes=\"auto, (max-width: 578px) 100vw, 578px\" \/>\t\t\t\t\t\t\t\t\t\t\t\t\t\t\t<\/div>\n\t\t\t\t<\/div>\n\t\t\t\t<div class=\"elementor-element elementor-element-83894b2 elementor-widget elementor-widget-text-editor\" data-id=\"83894b2\" data-element_type=\"widget\" data-widget_type=\"text-editor.default\">\n\t\t\t\t<div class=\"elementor-widget-container\">\n\t\t\t\t\t\t\t<p style=\"text-align: center;\"><b>1 pto.<\/b><\/p>\t\t\t\t\t\t<\/div>\n\t\t\t\t<\/div>\n\t\t\t\t<div class=\"elementor-element elementor-element-a39bb5d elementor-widget elementor-widget-text-editor\" data-id=\"a39bb5d\" data-element_type=\"widget\" data-widget_type=\"text-editor.default\">\n\t\t\t\t<div class=\"elementor-widget-container\">\n\t\t\t\t\t\t\t<p>Projeto de drenagem de \u00e1guas pluviais \u2013 Controle de quantidade \u00a0<\/p>\t\t\t\t\t\t<\/div>\n\t\t\t\t<\/div>\n\t\t\t\t<div class=\"elementor-element elementor-element-35948c4 elementor-widget elementor-widget-text-editor\" data-id=\"35948c4\" data-element_type=\"widget\" data-widget_type=\"text-editor.default\">\n\t\t\t\t<div class=\"elementor-widget-container\">\n\t\t\t\t\t\t\t<p><b>ATENDIDO<\/b> \u2013 Sistema de aproveitamento de \u00e1gua de chuva + reservat\u00f3rio de reten\u00e7\u00e3o.<\/p>\t\t\t\t\t\t<\/div>\n\t\t\t\t<\/div>\n\t\t\t\t\t<\/div>\n\t\t<\/div>\n\t\t\t\t<div class=\"elementor-column elementor-col-66 elementor-inner-column elementor-element elementor-element-febf2a6\" data-id=\"febf2a6\" data-element_type=\"column\">\n\t\t\t<div class=\"elementor-widget-wrap elementor-element-populated\">\n\t\t\t\t\t\t\t\t<div class=\"elementor-element elementor-element-a5be93f elementor-widget elementor-widget-image\" data-id=\"a5be93f\" data-element_type=\"widget\" data-widget_type=\"image.default\">\n\t\t\t\t<div class=\"elementor-widget-container\">\n\t\t\t\t\t\t\t\t\t\t\t\t\t\t\t<img loading=\"lazy\" decoding=\"async\" width=\"792\" height=\"534\" src=\"https:\/\/infinitytech.com.br\/wp-content\/uploads\/2023\/05\/case_EH007sb.png\" class=\"attachment-large size-large wp-image-5267\" alt=\"\" srcset=\"https:\/\/infinitytech.com.br\/wp-content\/uploads\/2023\/05\/case_EH007sb.png 792w, https:\/\/infinitytech.com.br\/wp-content\/uploads\/2023\/05\/case_EH007sb-300x202.png 300w, https:\/\/infinitytech.com.br\/wp-content\/uploads\/2023\/05\/case_EH007sb-768x518.png 768w\" sizes=\"auto, (max-width: 792px) 100vw, 792px\" \/>\t\t\t\t\t\t\t\t\t\t\t\t\t\t\t<\/div>\n\t\t\t\t<\/div>\n\t\t\t\t\t<\/div>\n\t\t<\/div>\n\t\t\t\t\t\t\t<\/div>\n\t\t<\/section>\n\t\t\t\t\t<\/div>\n\t\t<\/div>\n\t\t\t\t\t\t\t<\/div>\n\t\t<\/section>\n\t\t\t\t\t\t\t<\/div>","protected":false},"excerpt":{"rendered":"<p>Drenagem sustent\u00e1vel TERRENOSUSTENT\u00c1VEL 1 pto. Projeto de drenagem de \u00e1guas pluviais \u2013 Controle de quantidade \u00a0 ATENDIDO \u2013 Sistema de aproveitamento de \u00e1gua de chuva + reservat\u00f3rio de reten\u00e7\u00e3o.<\/p>","protected":false},"author":3,"featured_media":0,"parent":0,"menu_order":0,"comment_status":"closed","ping_status":"closed","template":"","meta":{"footnotes":""},"class_list":["post-5265","page","type-page","status-publish","hentry"],"_links":{"self":[{"href":"https:\/\/infinitytech.com.br\/en\/wp-json\/wp\/v2\/pages\/5265","targetHints":{"allow":["GET"]}}],"collection":[{"href":"https:\/\/infinitytech.com.br\/en\/wp-json\/wp\/v2\/pages"}],"about":[{"href":"https:\/\/infinitytech.com.br\/en\/wp-json\/wp\/v2\/types\/page"}],"author":[{"embeddable":true,"href":"https:\/\/infinitytech.com.br\/en\/wp-json\/wp\/v2\/users\/3"}],"replies":[{"embeddable":true,"href":"https:\/\/infinitytech.com.br\/en\/wp-json\/wp\/v2\/comments?post=5265"}],"version-history":[{"count":9,"href":"https:\/\/infinitytech.com.br\/en\/wp-json\/wp\/v2\/pages\/5265\/revisions"}],"predecessor-version":[{"id":5277,"href":"https:\/\/infinitytech.com.br\/en\/wp-json\/wp\/v2\/pages\/5265\/revisions\/5277"}],"wp:attachment":[{"href":"https:\/\/infinitytech.com.br\/en\/wp-json\/wp\/v2\/media?parent=5265"}],"curies":[{"name":"wp","href":"https:\/\/api.w.org\/{rel}","templated":true}]}}