{"id":5288,"date":"2023-05-29T15:45:07","date_gmt":"2023-05-29T18:45:07","guid":{"rendered":"https:\/\/infinitytech.com.br\/?page_id=5288"},"modified":"2023-05-29T15:48:39","modified_gmt":"2023-05-29T18:48:39","slug":"gafisa-aproveitamento-de-agua-de-chuva-para-fins-nao-potaveis","status":"publish","type":"page","link":"https:\/\/infinitytech.com.br\/en\/gafisa-aproveitamento-de-agua-de-chuva-para-fins-nao-potaveis\/","title":{"rendered":"Gafisa &#8211; Aproveitamento de \u00e1gua de chuva para fins n\u00e3o-pot\u00e1veis"},"content":{"rendered":"<div data-elementor-type=\"wp-page\" data-elementor-id=\"5288\" class=\"elementor elementor-5288\" data-elementor-post-type=\"page\">\n\t\t\t\t\t\t\t\t\t<section class=\"elementor-section elementor-top-section elementor-element elementor-element-c3f4e99 elementor-section-boxed elementor-section-height-default elementor-section-height-default\" data-id=\"c3f4e99\" data-element_type=\"section\" data-settings=\"{&quot;_ha_eqh_enable&quot;:false}\">\n\t\t\t\t\t\t<div class=\"elementor-container elementor-column-gap-default\">\n\t\t\t\t\t<div class=\"elementor-column elementor-col-100 elementor-top-column elementor-element elementor-element-a425d15\" data-id=\"a425d15\" data-element_type=\"column\">\n\t\t\t<div class=\"elementor-widget-wrap elementor-element-populated\">\n\t\t\t\t\t\t\t\t<section class=\"elementor-section elementor-inner-section elementor-element elementor-element-614a763 elementor-section-boxed elementor-section-height-default elementor-section-height-default\" data-id=\"614a763\" data-element_type=\"section\" data-settings=\"{&quot;_ha_eqh_enable&quot;:false}\">\n\t\t\t\t\t\t<div class=\"elementor-container elementor-column-gap-default\">\n\t\t\t\t\t<div class=\"elementor-column elementor-col-66 elementor-inner-column elementor-element elementor-element-c013d8f\" data-id=\"c013d8f\" data-element_type=\"column\">\n\t\t\t<div class=\"elementor-widget-wrap elementor-element-populated\">\n\t\t\t\t\t\t\t\t<div class=\"elementor-element elementor-element-8bbe326 elementor-widget elementor-widget-image\" data-id=\"8bbe326\" data-element_type=\"widget\" data-widget_type=\"image.default\">\n\t\t\t\t<div class=\"elementor-widget-container\">\n\t\t\t<style>\/*! elementor - v3.17.0 - 08-11-2023 *\/\n.elementor-widget-image{text-align:center}.elementor-widget-image a{display:inline-block}.elementor-widget-image a img[src$=\".svg\"]{width:48px}.elementor-widget-image img{vertical-align:middle;display:inline-block}<\/style>\t\t\t\t\t\t\t\t\t\t\t\t<img loading=\"lazy\" decoding=\"async\" width=\"233\" height=\"68\" src=\"https:\/\/infinitytech.com.br\/wp-content\/uploads\/2023\/05\/gafisa-logo.png\" class=\"attachment-large size-large wp-image-5290\" alt=\"\" \/>\t\t\t\t\t\t\t\t\t\t\t\t\t\t\t<\/div>\n\t\t\t\t<\/div>\n\t\t\t\t<div class=\"elementor-element elementor-element-a39bb5d elementor-widget elementor-widget-text-editor\" data-id=\"a39bb5d\" data-element_type=\"widget\" data-widget_type=\"text-editor.default\">\n\t\t\t\t<div class=\"elementor-widget-container\">\n\t\t\t<style>\/*! elementor - v3.17.0 - 08-11-2023 *\/\n.elementor-widget-text-editor.elementor-drop-cap-view-stacked .elementor-drop-cap{background-color:#69727d;color:#fff}.elementor-widget-text-editor.elementor-drop-cap-view-framed .elementor-drop-cap{color:#69727d;border:3px solid;background-color:transparent}.elementor-widget-text-editor:not(.elementor-drop-cap-view-default) .elementor-drop-cap{margin-top:8px}.elementor-widget-text-editor:not(.elementor-drop-cap-view-default) .elementor-drop-cap-letter{width:1em;height:1em}.elementor-widget-text-editor .elementor-drop-cap{float:left;text-align:center;line-height:1;font-size:50px}.elementor-widget-text-editor .elementor-drop-cap-letter{display:inline-block}<\/style>\t\t\t\t<p>Integrated water management.<br \/>Rainwater harvesting project<\/p>\t\t\t\t\t\t<\/div>\n\t\t\t\t<\/div>\n\t\t\t\t<div class=\"elementor-element elementor-element-2e92fe8 elementor-widget elementor-widget-image\" data-id=\"2e92fe8\" data-element_type=\"widget\" data-widget_type=\"image.default\">\n\t\t\t\t<div class=\"elementor-widget-container\">\n\t\t\t\t\t\t\t\t\t\t\t\t\t\t\t<img loading=\"lazy\" decoding=\"async\" width=\"800\" height=\"416\" src=\"https:\/\/infinitytech.com.br\/wp-content\/uploads\/2023\/05\/gafisa-sb1-1024x532.png\" class=\"attachment-large size-large wp-image-5292\" alt=\"\" srcset=\"https:\/\/infinitytech.com.br\/wp-content\/uploads\/2023\/05\/gafisa-sb1-1024x532.png 1024w, https:\/\/infinitytech.com.br\/wp-content\/uploads\/2023\/05\/gafisa-sb1-300x156.png 300w, https:\/\/infinitytech.com.br\/wp-content\/uploads\/2023\/05\/gafisa-sb1-768x399.png 768w, https:\/\/infinitytech.com.br\/wp-content\/uploads\/2023\/05\/gafisa-sb1.png 1531w\" sizes=\"auto, (max-width: 800px) 100vw, 800px\" \/>\t\t\t\t\t\t\t\t\t\t\t\t\t\t\t<\/div>\n\t\t\t\t<\/div>\n\t\t\t\t<div class=\"elementor-element elementor-element-becb575 elementor-widget elementor-widget-text-editor\" data-id=\"becb575\" data-element_type=\"widget\" data-widget_type=\"text-editor.default\">\n\t\t\t\t<div class=\"elementor-widget-container\">\n\t\t\t\t\t\t\t<p>Integrated water management.<br \/>Rainwater harvesting project<\/p>\t\t\t\t\t\t<\/div>\n\t\t\t\t<\/div>\n\t\t\t\t<div class=\"elementor-element elementor-element-29dfcd8 elementor-widget elementor-widget-image\" data-id=\"29dfcd8\" data-element_type=\"widget\" data-widget_type=\"image.default\">\n\t\t\t\t<div class=\"elementor-widget-container\">\n\t\t\t\t\t\t\t\t\t\t\t\t\t\t\t<img loading=\"lazy\" decoding=\"async\" width=\"449\" height=\"216\" src=\"https:\/\/infinitytech.com.br\/wp-content\/uploads\/2023\/05\/gafisa-sb2.png\" class=\"attachment-large size-large wp-image-5293\" alt=\"\" srcset=\"https:\/\/infinitytech.com.br\/wp-content\/uploads\/2023\/05\/gafisa-sb2.png 449w, https:\/\/infinitytech.com.br\/wp-content\/uploads\/2023\/05\/gafisa-sb2-300x144.png 300w\" sizes=\"auto, (max-width: 449px) 100vw, 449px\" \/>\t\t\t\t\t\t\t\t\t\t\t\t\t\t\t<\/div>\n\t\t\t\t<\/div>\n\t\t\t\t\t<\/div>\n\t\t<\/div>\n\t\t\t\t<div class=\"elementor-column elementor-col-33 elementor-inner-column elementor-element elementor-element-febf2a6\" data-id=\"febf2a6\" data-element_type=\"column\">\n\t\t\t<div class=\"elementor-widget-wrap elementor-element-populated\">\n\t\t\t\t\t\t\t\t<div class=\"elementor-element elementor-element-a5be93f elementor-widget elementor-widget-image\" data-id=\"a5be93f\" data-element_type=\"widget\" data-widget_type=\"image.default\">\n\t\t\t\t<div class=\"elementor-widget-container\">\n\t\t\t\t\t\t\t\t\t\t\t\t\t\t\t<img loading=\"lazy\" decoding=\"async\" width=\"681\" height=\"1024\" src=\"https:\/\/infinitytech.com.br\/wp-content\/uploads\/2023\/05\/gafisa-sb3-681x1024.png\" class=\"attachment-large size-large wp-image-5294\" alt=\"\" srcset=\"https:\/\/infinitytech.com.br\/wp-content\/uploads\/2023\/05\/gafisa-sb3-681x1024.png 681w, https:\/\/infinitytech.com.br\/wp-content\/uploads\/2023\/05\/gafisa-sb3-199x300.png 199w, https:\/\/infinitytech.com.br\/wp-content\/uploads\/2023\/05\/gafisa-sb3-768x1155.png 768w, https:\/\/infinitytech.com.br\/wp-content\/uploads\/2023\/05\/gafisa-sb3-1021x1536.png 1021w, https:\/\/infinitytech.com.br\/wp-content\/uploads\/2023\/05\/gafisa-sb3.png 1124w\" sizes=\"auto, (max-width: 681px) 100vw, 681px\" \/>\t\t\t\t\t\t\t\t\t\t\t\t\t\t\t<\/div>\n\t\t\t\t<\/div>\n\t\t\t\t<div class=\"elementor-element elementor-element-466b086 elementor-widget elementor-widget-text-editor\" data-id=\"466b086\" data-element_type=\"widget\" data-widget_type=\"text-editor.default\">\n\t\t\t\t<div class=\"elementor-widget-container\">\n\t\t\t\t\t\t\t<p><i>Flow by <\/i><i>Gafisa \u2013 Nestor Pestana, Consola\u00e7\u00e3o, S\u00e3o Paulo &#8211; SP<\/i><\/p>\t\t\t\t\t\t<\/div>\n\t\t\t\t<\/div>\n\t\t\t\t\t<\/div>\n\t\t<\/div>\n\t\t\t\t\t\t\t<\/div>\n\t\t<\/section>\n\t\t\t\t\t<\/div>\n\t\t<\/div>\n\t\t\t\t\t\t\t<\/div>\n\t\t<\/section>\n\t\t\t\t\t\t\t<\/div>","protected":false},"excerpt":{"rendered":"<p>Gest\u00e3o integrada de \u00e1gua.Projeto de aproveitamento de \u00e1gua da chuva Gest\u00e3o integrada de \u00e1gua.Projeto de aproveitamento de \u00e1gua da chuva Flow by Gafisa \u2013 Nestor Pestana, Consola\u00e7\u00e3o, S\u00e3o Paulo &#8211; SP<\/p>","protected":false},"author":3,"featured_media":0,"parent":0,"menu_order":0,"comment_status":"closed","ping_status":"closed","template":"","meta":{"footnotes":""},"class_list":["post-5288","page","type-page","status-publish","hentry"],"_links":{"self":[{"href":"https:\/\/infinitytech.com.br\/en\/wp-json\/wp\/v2\/pages\/5288","targetHints":{"allow":["GET"]}}],"collection":[{"href":"https:\/\/infinitytech.com.br\/en\/wp-json\/wp\/v2\/pages"}],"about":[{"href":"https:\/\/infinitytech.com.br\/en\/wp-json\/wp\/v2\/types\/page"}],"author":[{"embeddable":true,"href":"https:\/\/infinitytech.com.br\/en\/wp-json\/wp\/v2\/users\/3"}],"replies":[{"embeddable":true,"href":"https:\/\/infinitytech.com.br\/en\/wp-json\/wp\/v2\/comments?post=5288"}],"version-history":[{"count":4,"href":"https:\/\/infinitytech.com.br\/en\/wp-json\/wp\/v2\/pages\/5288\/revisions"}],"predecessor-version":[{"id":5297,"href":"https:\/\/infinitytech.com.br\/en\/wp-json\/wp\/v2\/pages\/5288\/revisions\/5297"}],"wp:attachment":[{"href":"https:\/\/infinitytech.com.br\/en\/wp-json\/wp\/v2\/media?parent=5288"}],"curies":[{"name":"wp","href":"https:\/\/api.w.org\/{rel}","templated":true}]}}