{"id":5322,"date":"2023-05-29T16:00:55","date_gmt":"2023-05-29T19:00:55","guid":{"rendered":"https:\/\/infinitytech.com.br\/?page_id=5322"},"modified":"2023-05-29T16:04:04","modified_gmt":"2023-05-29T19:04:04","slug":"vila-carnauba-solucoes-baseadas-na-natureza-com-manejo-sustentavel-das-aguas-pluviais-do-empreendimento","status":"publish","type":"page","link":"https:\/\/infinitytech.com.br\/en\/vila-carnauba-solucoes-baseadas-na-natureza-com-manejo-sustentavel-das-aguas-pluviais-do-empreendimento\/","title":{"rendered":"Vila Carna\u00faba &#8211; Solu\u00e7\u00f5es baseadas na natureza com manejo sustent\u00e1vel das \u00e1guas pluviais do empreendimento"},"content":{"rendered":"<div data-elementor-type=\"wp-page\" data-elementor-id=\"5322\" class=\"elementor elementor-5322\" data-elementor-post-type=\"page\">\n\t\t\t\t\t\t\t\t\t<section class=\"elementor-section elementor-top-section elementor-element elementor-element-c3f4e99 elementor-section-boxed elementor-section-height-default elementor-section-height-default\" data-id=\"c3f4e99\" data-element_type=\"section\" data-settings=\"{&quot;_ha_eqh_enable&quot;:false}\">\n\t\t\t\t\t\t<div class=\"elementor-container elementor-column-gap-default\">\n\t\t\t\t\t<div class=\"elementor-column elementor-col-100 elementor-top-column elementor-element elementor-element-a425d15\" data-id=\"a425d15\" data-element_type=\"column\">\n\t\t\t<div class=\"elementor-widget-wrap elementor-element-populated\">\n\t\t\t\t\t\t\t\t<section class=\"elementor-section elementor-inner-section elementor-element elementor-element-614a763 elementor-section-boxed elementor-section-height-default elementor-section-height-default\" data-id=\"614a763\" data-element_type=\"section\" data-settings=\"{&quot;_ha_eqh_enable&quot;:false}\">\n\t\t\t\t\t\t<div class=\"elementor-container elementor-column-gap-default\">\n\t\t\t\t\t<div class=\"elementor-column elementor-col-50 elementor-inner-column elementor-element elementor-element-c013d8f\" data-id=\"c013d8f\" data-element_type=\"column\">\n\t\t\t<div class=\"elementor-widget-wrap elementor-element-populated\">\n\t\t\t\t\t\t\t\t<div class=\"elementor-element elementor-element-4c4c657 elementor-widget elementor-widget-image\" data-id=\"4c4c657\" data-element_type=\"widget\" data-widget_type=\"image.default\">\n\t\t\t\t<div class=\"elementor-widget-container\">\n\t\t\t<style>\/*! elementor - v3.17.0 - 08-11-2023 *\/\n.elementor-widget-image{text-align:center}.elementor-widget-image a{display:inline-block}.elementor-widget-image a img[src$=\".svg\"]{width:48px}.elementor-widget-image img{vertical-align:middle;display:inline-block}<\/style>\t\t\t\t\t\t\t\t\t\t\t\t<img loading=\"lazy\" decoding=\"async\" width=\"106\" height=\"79\" src=\"https:\/\/infinitytech.com.br\/wp-content\/uploads\/2023\/05\/vila-carnauba-sb1.png\" class=\"attachment-large size-large wp-image-5325\" alt=\"\" \/>\t\t\t\t\t\t\t\t\t\t\t\t\t\t\t<\/div>\n\t\t\t\t<\/div>\n\t\t\t\t\t<\/div>\n\t\t<\/div>\n\t\t\t\t<div class=\"elementor-column elementor-col-50 elementor-inner-column elementor-element elementor-element-febf2a6\" data-id=\"febf2a6\" data-element_type=\"column\">\n\t\t\t<div class=\"elementor-widget-wrap elementor-element-populated\">\n\t\t\t\t\t\t\t\t<div class=\"elementor-element elementor-element-48e7633 elementor-widget elementor-widget-text-editor\" data-id=\"48e7633\" data-element_type=\"widget\" data-widget_type=\"text-editor.default\">\n\t\t\t\t<div class=\"elementor-widget-container\">\n\t\t\t<style>\/*! elementor - v3.17.0 - 08-11-2023 *\/\n.elementor-widget-text-editor.elementor-drop-cap-view-stacked .elementor-drop-cap{background-color:#69727d;color:#fff}.elementor-widget-text-editor.elementor-drop-cap-view-framed .elementor-drop-cap{color:#69727d;border:3px solid;background-color:transparent}.elementor-widget-text-editor:not(.elementor-drop-cap-view-default) .elementor-drop-cap{margin-top:8px}.elementor-widget-text-editor:not(.elementor-drop-cap-view-default) .elementor-drop-cap-letter{width:1em;height:1em}.elementor-widget-text-editor .elementor-drop-cap{float:left;text-align:center;line-height:1;font-size:50px}.elementor-widget-text-editor .elementor-drop-cap-letter{display:inline-block}<\/style>\t\t\t\t<p>Nature-based solutions with sustainable management of the project's rainwater, a project avoiding the contribution of rainwater to the lakes.<\/p>\t\t\t\t\t\t<\/div>\n\t\t\t\t<\/div>\n\t\t\t\t\t<\/div>\n\t\t<\/div>\n\t\t\t\t\t\t\t<\/div>\n\t\t<\/section>\n\t\t\t\t<div class=\"elementor-element elementor-element-95eb69b elementor-widget elementor-widget-spacer\" data-id=\"95eb69b\" data-element_type=\"widget\" data-widget_type=\"spacer.default\">\n\t\t\t\t<div class=\"elementor-widget-container\">\n\t\t\t<style>\/*! elementor - v3.17.0 - 08-11-2023 *\/\n.elementor-column .elementor-spacer-inner{height:var(--spacer-size)}.e-con{--container-widget-width:100%}.e-con-inner>.elementor-widget-spacer,.e-con>.elementor-widget-spacer{width:var(--container-widget-width,var(--spacer-size));--align-self:var(--container-widget-align-self,initial);--flex-shrink:0}.e-con-inner>.elementor-widget-spacer>.elementor-widget-container,.e-con>.elementor-widget-spacer>.elementor-widget-container{height:100%;width:100%}.e-con-inner>.elementor-widget-spacer>.elementor-widget-container>.elementor-spacer,.e-con>.elementor-widget-spacer>.elementor-widget-container>.elementor-spacer{height:100%}.e-con-inner>.elementor-widget-spacer>.elementor-widget-container>.elementor-spacer>.elementor-spacer-inner,.e-con>.elementor-widget-spacer>.elementor-widget-container>.elementor-spacer>.elementor-spacer-inner{height:var(--container-widget-height,var(--spacer-size))}.e-con-inner>.elementor-widget-spacer.elementor-widget-empty,.e-con>.elementor-widget-spacer.elementor-widget-empty{position:relative;min-height:22px;min-width:22px}.e-con-inner>.elementor-widget-spacer.elementor-widget-empty .elementor-widget-empty-icon,.e-con>.elementor-widget-spacer.elementor-widget-empty .elementor-widget-empty-icon{position:absolute;top:0;bottom:0;left:0;right:0;margin:auto;padding:0;width:22px;height:22px}<\/style>\t\t<div class=\"elementor-spacer\">\n\t\t\t<div class=\"elementor-spacer-inner\"><\/div>\n\t\t<\/div>\n\t\t\t\t<\/div>\n\t\t\t\t<\/div>\n\t\t\t\t<section class=\"elementor-section elementor-inner-section elementor-element elementor-element-be8df2e elementor-section-boxed elementor-section-height-default elementor-section-height-default\" data-id=\"be8df2e\" data-element_type=\"section\" data-settings=\"{&quot;_ha_eqh_enable&quot;:false}\">\n\t\t\t\t\t\t<div class=\"elementor-container elementor-column-gap-default\">\n\t\t\t\t\t<div class=\"elementor-column elementor-col-50 elementor-inner-column elementor-element elementor-element-ad92afe\" data-id=\"ad92afe\" data-element_type=\"column\">\n\t\t\t<div class=\"elementor-widget-wrap elementor-element-populated\">\n\t\t\t\t\t\t\t\t<div class=\"elementor-element elementor-element-348d318 elementor-widget elementor-widget-image\" data-id=\"348d318\" data-element_type=\"widget\" data-widget_type=\"image.default\">\n\t\t\t\t<div class=\"elementor-widget-container\">\n\t\t\t\t\t\t\t\t\t\t\t\t\t\t\t<img loading=\"lazy\" decoding=\"async\" width=\"485\" height=\"325\" src=\"https:\/\/infinitytech.com.br\/wp-content\/uploads\/2023\/05\/vila-carnauba-sb2.png\" class=\"attachment-large size-large wp-image-5326\" alt=\"\" srcset=\"https:\/\/infinitytech.com.br\/wp-content\/uploads\/2023\/05\/vila-carnauba-sb2.png 485w, https:\/\/infinitytech.com.br\/wp-content\/uploads\/2023\/05\/vila-carnauba-sb2-300x201.png 300w\" sizes=\"auto, (max-width: 485px) 100vw, 485px\" \/>\t\t\t\t\t\t\t\t\t\t\t\t\t\t\t<\/div>\n\t\t\t\t<\/div>\n\t\t\t\t\t<\/div>\n\t\t<\/div>\n\t\t\t\t<div class=\"elementor-column elementor-col-50 elementor-inner-column elementor-element elementor-element-b402b9d\" data-id=\"b402b9d\" data-element_type=\"column\">\n\t\t\t<div class=\"elementor-widget-wrap elementor-element-populated\">\n\t\t\t\t\t\t\t\t<div class=\"elementor-element elementor-element-3933d8f elementor-widget elementor-widget-image\" data-id=\"3933d8f\" data-element_type=\"widget\" data-widget_type=\"image.default\">\n\t\t\t\t<div class=\"elementor-widget-container\">\n\t\t\t\t\t\t\t\t\t\t\t\t\t\t\t<img loading=\"lazy\" decoding=\"async\" width=\"729\" height=\"237\" src=\"https:\/\/infinitytech.com.br\/wp-content\/uploads\/2023\/05\/vila-carnauba-map2.png\" class=\"attachment-large size-large wp-image-5327\" alt=\"\" srcset=\"https:\/\/infinitytech.com.br\/wp-content\/uploads\/2023\/05\/vila-carnauba-map2.png 729w, https:\/\/infinitytech.com.br\/wp-content\/uploads\/2023\/05\/vila-carnauba-map2-300x98.png 300w\" sizes=\"auto, (max-width: 729px) 100vw, 729px\" \/>\t\t\t\t\t\t\t\t\t\t\t\t\t\t\t<\/div>\n\t\t\t\t<\/div>\n\t\t\t\t\t<\/div>\n\t\t<\/div>\n\t\t\t\t\t\t\t<\/div>\n\t\t<\/section>\n\t\t\t\t<div class=\"elementor-element elementor-element-5194c4b elementor-widget elementor-widget-spacer\" data-id=\"5194c4b\" data-element_type=\"widget\" data-widget_type=\"spacer.default\">\n\t\t\t\t<div class=\"elementor-widget-container\">\n\t\t\t\t\t<div class=\"elementor-spacer\">\n\t\t\t<div class=\"elementor-spacer-inner\"><\/div>\n\t\t<\/div>\n\t\t\t\t<\/div>\n\t\t\t\t<\/div>\n\t\t\t\t\t<\/div>\n\t\t<\/div>\n\t\t\t\t\t\t\t<\/div>\n\t\t<\/section>\n\t\t\t\t\t\t\t<\/div>","protected":false},"excerpt":{"rendered":"<p>Nature-based solutions with sustainable management of the project's rainwater, a project avoiding the contribution of rainwater to the lakes.<\/p>","protected":false},"author":3,"featured_media":0,"parent":0,"menu_order":0,"comment_status":"closed","ping_status":"closed","template":"","meta":{"footnotes":""},"class_list":["post-5322","page","type-page","status-publish","hentry"],"_links":{"self":[{"href":"https:\/\/infinitytech.com.br\/en\/wp-json\/wp\/v2\/pages\/5322","targetHints":{"allow":["GET"]}}],"collection":[{"href":"https:\/\/infinitytech.com.br\/en\/wp-json\/wp\/v2\/pages"}],"about":[{"href":"https:\/\/infinitytech.com.br\/en\/wp-json\/wp\/v2\/types\/page"}],"author":[{"embeddable":true,"href":"https:\/\/infinitytech.com.br\/en\/wp-json\/wp\/v2\/users\/3"}],"replies":[{"embeddable":true,"href":"https:\/\/infinitytech.com.br\/en\/wp-json\/wp\/v2\/comments?post=5322"}],"version-history":[{"count":5,"href":"https:\/\/infinitytech.com.br\/en\/wp-json\/wp\/v2\/pages\/5322\/revisions"}],"predecessor-version":[{"id":5330,"href":"https:\/\/infinitytech.com.br\/en\/wp-json\/wp\/v2\/pages\/5322\/revisions\/5330"}],"wp:attachment":[{"href":"https:\/\/infinitytech.com.br\/en\/wp-json\/wp\/v2\/media?parent=5322"}],"curies":[{"name":"wp","href":"https:\/\/api.w.org\/{rel}","templated":true}]}}