{"id":5440,"date":"2023-05-30T10:31:40","date_gmt":"2023-05-30T13:31:40","guid":{"rendered":"https:\/\/infinitytech.com.br\/?page_id=5440"},"modified":"2023-05-30T11:08:21","modified_gmt":"2023-05-30T14:08:21","slug":"piracanjuba-gestao-integrada-de-agua-projeto-de-aproveitamento-de-agua-de-chuva","status":"publish","type":"page","link":"https:\/\/infinitytech.com.br\/en\/piracanjuba-gestao-integrada-de-agua-projeto-de-aproveitamento-de-agua-de-chuva\/","title":{"rendered":"Piracanjuba &#8211; Gest\u00e3o Integrada de \u00c1gua, Projeto de Aproveitamento de \u00e1gua de chuva"},"content":{"rendered":"<div data-elementor-type=\"wp-page\" data-elementor-id=\"5440\" class=\"elementor elementor-5440\" data-elementor-post-type=\"page\">\n\t\t\t\t\t\t\t\t\t<section class=\"elementor-section elementor-top-section elementor-element elementor-element-c3f4e99 elementor-section-boxed elementor-section-height-default elementor-section-height-default\" data-id=\"c3f4e99\" data-element_type=\"section\" data-settings=\"{&quot;_ha_eqh_enable&quot;:false}\">\n\t\t\t\t\t\t<div class=\"elementor-container elementor-column-gap-default\">\n\t\t\t\t\t<div class=\"elementor-column elementor-col-100 elementor-top-column elementor-element elementor-element-a425d15\" data-id=\"a425d15\" data-element_type=\"column\">\n\t\t\t<div class=\"elementor-widget-wrap elementor-element-populated\">\n\t\t\t\t\t\t\t\t<div class=\"elementor-element elementor-element-ed2480a elementor-widget elementor-widget-heading\" data-id=\"ed2480a\" data-element_type=\"widget\" data-widget_type=\"heading.default\">\n\t\t\t\t<div class=\"elementor-widget-container\">\n\t\t\t<style>\/*! elementor - v3.17.0 - 08-11-2023 *\/\n.elementor-heading-title{padding:0;margin:0;line-height:1}.elementor-widget-heading .elementor-heading-title[class*=elementor-size-]>a{color:inherit;font-size:inherit;line-height:inherit}.elementor-widget-heading .elementor-heading-title.elementor-size-small{font-size:15px}.elementor-widget-heading .elementor-heading-title.elementor-size-medium{font-size:19px}.elementor-widget-heading .elementor-heading-title.elementor-size-large{font-size:29px}.elementor-widget-heading .elementor-heading-title.elementor-size-xl{font-size:39px}.elementor-widget-heading .elementor-heading-title.elementor-size-xxl{font-size:59px}<\/style><h2 class=\"elementor-heading-title elementor-size-default\">Planta industrial<br>\nAuditoria, balan\u00e7o h\u00eddrico e projetos<\/h2>\t\t<\/div>\n\t\t\t\t<\/div>\n\t\t\t\t<section class=\"elementor-section elementor-inner-section elementor-element elementor-element-952d914 elementor-section-boxed elementor-section-height-default elementor-section-height-default\" data-id=\"952d914\" data-element_type=\"section\" data-settings=\"{&quot;_ha_eqh_enable&quot;:false}\">\n\t\t\t\t\t\t<div class=\"elementor-container elementor-column-gap-default\">\n\t\t\t\t\t<div class=\"elementor-column elementor-col-33 elementor-inner-column elementor-element elementor-element-28c538c\" data-id=\"28c538c\" data-element_type=\"column\">\n\t\t\t<div class=\"elementor-widget-wrap elementor-element-populated\">\n\t\t\t\t\t\t\t\t<div class=\"elementor-element elementor-element-ee78535 elementor-position-top elementor-widget elementor-widget-image-box\" data-id=\"ee78535\" data-element_type=\"widget\" data-widget_type=\"image-box.default\">\n\t\t\t\t<div class=\"elementor-widget-container\">\n\t\t\t<style>\/*! elementor - v3.17.0 - 08-11-2023 *\/\n.elementor-widget-image-box .elementor-image-box-content{width:100%}@media (min-width:768px){.elementor-widget-image-box.elementor-position-left .elementor-image-box-wrapper,.elementor-widget-image-box.elementor-position-right .elementor-image-box-wrapper{display:flex}.elementor-widget-image-box.elementor-position-right .elementor-image-box-wrapper{text-align:right;flex-direction:row-reverse}.elementor-widget-image-box.elementor-position-left .elementor-image-box-wrapper{text-align:left;flex-direction:row}.elementor-widget-image-box.elementor-position-top .elementor-image-box-img{margin:auto}.elementor-widget-image-box.elementor-vertical-align-top .elementor-image-box-wrapper{align-items:flex-start}.elementor-widget-image-box.elementor-vertical-align-middle .elementor-image-box-wrapper{align-items:center}.elementor-widget-image-box.elementor-vertical-align-bottom .elementor-image-box-wrapper{align-items:flex-end}}@media (max-width:767px){.elementor-widget-image-box .elementor-image-box-img{margin-left:auto!important;margin-right:auto!important;margin-bottom:15px}}.elementor-widget-image-box .elementor-image-box-img{display:inline-block}.elementor-widget-image-box .elementor-image-box-title a{color:inherit}.elementor-widget-image-box .elementor-image-box-wrapper{text-align:center}.elementor-widget-image-box .elementor-image-box-description{margin:0}<\/style><div class=\"elementor-image-box-wrapper\"><figure class=\"elementor-image-box-img\"><img loading=\"lazy\" decoding=\"async\" width=\"304\" height=\"300\" src=\"https:\/\/infinitytech.com.br\/wp-content\/uploads\/2023\/05\/pira_sb2.jpg\" class=\"attachment-full size-full wp-image-5441\" alt=\"\" srcset=\"https:\/\/infinitytech.com.br\/wp-content\/uploads\/2023\/05\/pira_sb2.jpg 304w, https:\/\/infinitytech.com.br\/wp-content\/uploads\/2023\/05\/pira_sb2-300x296.jpg 300w\" sizes=\"auto, (max-width: 304px) 100vw, 304px\" \/><\/figure><div class=\"elementor-image-box-content\"><h3 class=\"elementor-image-box-title\">Certifica\u00e7\u00e3o LEED<\/h3><\/div><\/div>\t\t<\/div>\n\t\t\t\t<\/div>\n\t\t\t\t\t<\/div>\n\t\t<\/div>\n\t\t\t\t<div class=\"elementor-column elementor-col-66 elementor-inner-column elementor-element elementor-element-694cb88\" data-id=\"694cb88\" data-element_type=\"column\">\n\t\t\t<div class=\"elementor-widget-wrap elementor-element-populated\">\n\t\t\t\t\t\t\t\t<div class=\"elementor-element elementor-element-2e131c4 elementor-widget elementor-widget-text-editor\" data-id=\"2e131c4\" data-element_type=\"widget\" data-widget_type=\"text-editor.default\">\n\t\t\t\t<div class=\"elementor-widget-container\">\n\t\t\t<style>\/*! elementor - v3.17.0 - 08-11-2023 *\/\n.elementor-widget-text-editor.elementor-drop-cap-view-stacked .elementor-drop-cap{background-color:#69727d;color:#fff}.elementor-widget-text-editor.elementor-drop-cap-view-framed .elementor-drop-cap{color:#69727d;border:3px solid;background-color:transparent}.elementor-widget-text-editor:not(.elementor-drop-cap-view-default) .elementor-drop-cap{margin-top:8px}.elementor-widget-text-editor:not(.elementor-drop-cap-view-default) .elementor-drop-cap-letter{width:1em;height:1em}.elementor-widget-text-editor .elementor-drop-cap{float:left;text-align:center;line-height:1;font-size:50px}.elementor-widget-text-editor .elementor-drop-cap-letter{display:inline-block}<\/style>\t\t\t\t<p><b>\u201cUM DOS DEZ PR\u00c9DIOS SUSTENT\u00c1VEIS MELHOR AVALIADOS DO MUNDO NA CATEGORIA <\/b><b>LEED NEW CONSTRUCTION <\/b><b>\u201c<\/b><\/p><p><b>\u201cO PR\u00c9DIO COM A MAIOR PONTUA\u00c7\u00c3O DA AM\u00c9RICA LATINA\u201d<\/b><\/p>\t\t\t\t\t\t<\/div>\n\t\t\t\t<\/div>\n\t\t\t\t\t<\/div>\n\t\t<\/div>\n\t\t\t\t\t\t\t<\/div>\n\t\t<\/section>\n\t\t\t\t<div class=\"elementor-element elementor-element-c2b5dd9 elementor-widget elementor-widget-image\" data-id=\"c2b5dd9\" data-element_type=\"widget\" data-widget_type=\"image.default\">\n\t\t\t\t<div class=\"elementor-widget-container\">\n\t\t\t<style>\/*! elementor - v3.17.0 - 08-11-2023 *\/\n.elementor-widget-image{text-align:center}.elementor-widget-image a{display:inline-block}.elementor-widget-image a img[src$=\".svg\"]{width:48px}.elementor-widget-image img{vertical-align:middle;display:inline-block}<\/style>\t\t\t\t\t\t\t\t\t\t\t\t<img loading=\"lazy\" decoding=\"async\" width=\"800\" height=\"387\" src=\"https:\/\/infinitytech.com.br\/wp-content\/uploads\/2023\/05\/pira_sb1.png\" class=\"attachment-large size-large wp-image-5442\" alt=\"\" srcset=\"https:\/\/infinitytech.com.br\/wp-content\/uploads\/2023\/05\/pira_sb1.png 1024w, https:\/\/infinitytech.com.br\/wp-content\/uploads\/2023\/05\/pira_sb1-300x145.png 300w, https:\/\/infinitytech.com.br\/wp-content\/uploads\/2023\/05\/pira_sb1-768x371.png 768w\" sizes=\"auto, (max-width: 800px) 100vw, 800px\" \/>\t\t\t\t\t\t\t\t\t\t\t\t\t\t\t<\/div>\n\t\t\t\t<\/div>\n\t\t\t\t\t<\/div>\n\t\t<\/div>\n\t\t\t\t\t\t\t<\/div>\n\t\t<\/section>\n\t\t\t\t<section class=\"elementor-section elementor-top-section elementor-element elementor-element-456c319 elementor-section-boxed elementor-section-height-default elementor-section-height-default\" data-id=\"456c319\" data-element_type=\"section\" data-settings=\"{&quot;_ha_eqh_enable&quot;:false}\">\n\t\t\t\t\t\t<div class=\"elementor-container elementor-column-gap-default\">\n\t\t\t\t\t<div class=\"elementor-column elementor-col-100 elementor-top-column elementor-element elementor-element-e4070c4\" data-id=\"e4070c4\" data-element_type=\"column\">\n\t\t\t<div class=\"elementor-widget-wrap elementor-element-populated\">\n\t\t\t\t\t\t\t\t<div class=\"elementor-element elementor-element-a8a487d elementor-widget elementor-widget-heading\" data-id=\"a8a487d\" data-element_type=\"widget\" data-widget_type=\"heading.default\">\n\t\t\t\t<div class=\"elementor-widget-container\">\n\t\t\t<h2 class=\"elementor-heading-title elementor-size-default\">Planta industrial<br>\nAuditoria h\u00eddrica, balan\u00e7o h\u00eddrico e projetos<\/h2>\t\t<\/div>\n\t\t\t\t<\/div>\n\t\t\t\t<section class=\"elementor-section elementor-inner-section elementor-element elementor-element-47576a3 elementor-section-boxed elementor-section-height-default elementor-section-height-default\" data-id=\"47576a3\" data-element_type=\"section\" data-settings=\"{&quot;_ha_eqh_enable&quot;:false}\">\n\t\t\t\t\t\t<div class=\"elementor-container elementor-column-gap-default\">\n\t\t\t\t\t<div class=\"elementor-column elementor-col-33 elementor-inner-column elementor-element elementor-element-ebfeba0\" data-id=\"ebfeba0\" data-element_type=\"column\">\n\t\t\t<div class=\"elementor-widget-wrap elementor-element-populated\">\n\t\t\t\t\t\t\t\t<div class=\"elementor-element elementor-element-e37bf89 elementor-position-top elementor-widget elementor-widget-image-box\" data-id=\"e37bf89\" data-element_type=\"widget\" data-widget_type=\"image-box.default\">\n\t\t\t\t<div class=\"elementor-widget-container\">\n\t\t\t<div class=\"elementor-image-box-wrapper\"><figure class=\"elementor-image-box-img\"><img loading=\"lazy\" decoding=\"async\" width=\"304\" height=\"300\" src=\"https:\/\/infinitytech.com.br\/wp-content\/uploads\/2023\/05\/pira_sb2.jpg\" class=\"attachment-full size-full wp-image-5441\" alt=\"\" srcset=\"https:\/\/infinitytech.com.br\/wp-content\/uploads\/2023\/05\/pira_sb2.jpg 304w, https:\/\/infinitytech.com.br\/wp-content\/uploads\/2023\/05\/pira_sb2-300x296.jpg 300w\" sizes=\"auto, (max-width: 304px) 100vw, 304px\" \/><\/figure><div class=\"elementor-image-box-content\"><h3 class=\"elementor-image-box-title\">Certifica\u00e7\u00e3o LEED<\/h3><\/div><\/div>\t\t<\/div>\n\t\t\t\t<\/div>\n\t\t\t\t<div class=\"elementor-element elementor-element-79b5fd6 elementor-widget elementor-widget-text-editor\" data-id=\"79b5fd6\" data-element_type=\"widget\" data-widget_type=\"text-editor.default\">\n\t\t\t\t<div class=\"elementor-widget-container\">\n\t\t\t\t\t\t\t<p><b>USO RACIONAL DE \u00c1GUA<\/b><\/p>\t\t\t\t\t\t<\/div>\n\t\t\t\t<\/div>\n\t\t\t\t<div class=\"elementor-element elementor-element-562db52 elementor-position-left elementor-vertical-align-top elementor-widget elementor-widget-image-box\" data-id=\"562db52\" data-element_type=\"widget\" data-widget_type=\"image-box.default\">\n\t\t\t\t<div class=\"elementor-widget-container\">\n\t\t\t<div class=\"elementor-image-box-wrapper\"><figure class=\"elementor-image-box-img\"><img loading=\"lazy\" decoding=\"async\" width=\"578\" height=\"271\" src=\"https:\/\/infinitytech.com.br\/wp-content\/uploads\/2023\/05\/pira_sb4.png\" class=\"attachment-full size-full wp-image-5455\" alt=\"\" srcset=\"https:\/\/infinitytech.com.br\/wp-content\/uploads\/2023\/05\/pira_sb4.png 578w, https:\/\/infinitytech.com.br\/wp-content\/uploads\/2023\/05\/pira_sb4-300x141.png 300w\" sizes=\"auto, (max-width: 578px) 100vw, 578px\" \/><\/figure><div class=\"elementor-image-box-content\"><h3 class=\"elementor-image-box-title\">Redu\u00e7\u00e3o no consumo de \u00e1gua \u2013 reduzir 20%<\/h3><p class=\"elementor-image-box-description\">ATENDIDO \u2013 Redu\u00e7\u00e3o de 30,40% de \u00e1gua.\n\n<\/p><\/div><\/div>\t\t<\/div>\n\t\t\t\t<\/div>\n\t\t\t\t<div class=\"elementor-element elementor-element-d454565 elementor-position-left elementor-vertical-align-top elementor-widget elementor-widget-image-box\" data-id=\"d454565\" data-element_type=\"widget\" data-widget_type=\"image-box.default\">\n\t\t\t\t<div class=\"elementor-widget-container\">\n\t\t\t<div class=\"elementor-image-box-wrapper\"><figure class=\"elementor-image-box-img\"><img loading=\"lazy\" decoding=\"async\" width=\"577\" height=\"296\" src=\"https:\/\/infinitytech.com.br\/wp-content\/uploads\/2023\/05\/pira_sb5.png\" class=\"attachment-full size-full wp-image-5454\" alt=\"\" srcset=\"https:\/\/infinitytech.com.br\/wp-content\/uploads\/2023\/05\/pira_sb5.png 577w, https:\/\/infinitytech.com.br\/wp-content\/uploads\/2023\/05\/pira_sb5-300x154.png 300w\" sizes=\"auto, (max-width: 577px) 100vw, 577px\" \/><\/figure><div class=\"elementor-image-box-content\"><h3 class=\"elementor-image-box-title\">\u00c1gua pot\u00e1vel para paisagismo \u2013 reduzir o consumo em 50%<\/h3><p class=\"elementor-image-box-description\">ATENDIDO \u2013 Redu\u00e7\u00e3o do consumo em 100%*\n\n<\/p><\/div><\/div>\t\t<\/div>\n\t\t\t\t<\/div>\n\t\t\t\t\t<\/div>\n\t\t<\/div>\n\t\t\t\t<div class=\"elementor-column elementor-col-66 elementor-inner-column elementor-element elementor-element-2a8c9c4\" data-id=\"2a8c9c4\" data-element_type=\"column\">\n\t\t\t<div class=\"elementor-widget-wrap elementor-element-populated\">\n\t\t\t\t\t\t\t\t<div class=\"elementor-element elementor-element-ec12797 elementor-widget elementor-widget-image\" data-id=\"ec12797\" data-element_type=\"widget\" data-widget_type=\"image.default\">\n\t\t\t\t<div class=\"elementor-widget-container\">\n\t\t\t\t\t\t\t\t\t\t\t\t\t\t\t<img loading=\"lazy\" decoding=\"async\" width=\"660\" height=\"453\" src=\"https:\/\/infinitytech.com.br\/wp-content\/uploads\/2023\/05\/pira_sb3.jpg\" class=\"attachment-large size-large wp-image-5447\" alt=\"\" srcset=\"https:\/\/infinitytech.com.br\/wp-content\/uploads\/2023\/05\/pira_sb3.jpg 660w, https:\/\/infinitytech.com.br\/wp-content\/uploads\/2023\/05\/pira_sb3-300x206.jpg 300w\" sizes=\"auto, (max-width: 660px) 100vw, 660px\" \/>\t\t\t\t\t\t\t\t\t\t\t\t\t\t\t<\/div>\n\t\t\t\t<\/div>\n\t\t\t\t\t<\/div>\n\t\t<\/div>\n\t\t\t\t\t\t\t<\/div>\n\t\t<\/section>\n\t\t\t\t\t<\/div>\n\t\t<\/div>\n\t\t\t\t\t\t\t<\/div>\n\t\t<\/section>\n\t\t\t\t<section class=\"elementor-section elementor-top-section elementor-element elementor-element-1f86573 elementor-section-boxed elementor-section-height-default elementor-section-height-default\" data-id=\"1f86573\" data-element_type=\"section\" data-settings=\"{&quot;_ha_eqh_enable&quot;:false}\">\n\t\t\t\t\t\t<div class=\"elementor-container elementor-column-gap-default\">\n\t\t\t\t\t<div class=\"elementor-column elementor-col-100 elementor-top-column elementor-element elementor-element-1ade72f\" data-id=\"1ade72f\" data-element_type=\"column\">\n\t\t\t<div class=\"elementor-widget-wrap elementor-element-populated\">\n\t\t\t\t\t\t\t\t<div class=\"elementor-element elementor-element-28476c5 elementor-widget elementor-widget-heading\" data-id=\"28476c5\" data-element_type=\"widget\" data-widget_type=\"heading.default\">\n\t\t\t\t<div class=\"elementor-widget-container\">\n\t\t\t<h2 class=\"elementor-heading-title elementor-size-default\">Planta industrial\n<\/h2>\t\t<\/div>\n\t\t\t\t<\/div>\n\t\t\t\t<section class=\"elementor-section elementor-inner-section elementor-element elementor-element-de8119d elementor-section-boxed elementor-section-height-default elementor-section-height-default\" data-id=\"de8119d\" data-element_type=\"section\" data-settings=\"{&quot;_ha_eqh_enable&quot;:false}\">\n\t\t\t\t\t\t<div class=\"elementor-container elementor-column-gap-default\">\n\t\t\t\t\t<div class=\"elementor-column elementor-col-50 elementor-inner-column elementor-element elementor-element-542e8d4\" data-id=\"542e8d4\" data-element_type=\"column\">\n\t\t\t<div class=\"elementor-widget-wrap elementor-element-populated\">\n\t\t\t\t\t\t\t\t<div class=\"elementor-element elementor-element-e044586 elementor-widget elementor-widget-text-editor\" data-id=\"e044586\" data-element_type=\"widget\" data-widget_type=\"text-editor.default\">\n\t\t\t\t<div class=\"elementor-widget-container\">\n\t\t\t\t\t\t\t<p style=\"text-align: center;\"><b>Aproveitamento<\/b><b> de <\/b><b>\u00e1gua<\/b><b> de <\/b><b>chuva<\/b><\/p>\t\t\t\t\t\t<\/div>\n\t\t\t\t<\/div>\n\t\t\t\t<div class=\"elementor-element elementor-element-3a5593b elementor-widget elementor-widget-image\" data-id=\"3a5593b\" data-element_type=\"widget\" data-widget_type=\"image.default\">\n\t\t\t\t<div class=\"elementor-widget-container\">\n\t\t\t\t\t\t\t\t\t\t\t\t\t\t\t<img loading=\"lazy\" decoding=\"async\" width=\"512\" height=\"344\" src=\"https:\/\/infinitytech.com.br\/wp-content\/uploads\/2023\/05\/pira_sb6.png\" class=\"attachment-large size-large wp-image-5462\" alt=\"\" srcset=\"https:\/\/infinitytech.com.br\/wp-content\/uploads\/2023\/05\/pira_sb6.png 512w, https:\/\/infinitytech.com.br\/wp-content\/uploads\/2023\/05\/pira_sb6-300x202.png 300w\" sizes=\"auto, (max-width: 512px) 100vw, 512px\" \/>\t\t\t\t\t\t\t\t\t\t\t\t\t\t\t<\/div>\n\t\t\t\t<\/div>\n\t\t\t\t\t<\/div>\n\t\t<\/div>\n\t\t\t\t<div class=\"elementor-column elementor-col-50 elementor-inner-column elementor-element elementor-element-881a710\" data-id=\"881a710\" data-element_type=\"column\">\n\t\t\t<div class=\"elementor-widget-wrap elementor-element-populated\">\n\t\t\t\t\t\t\t\t<div class=\"elementor-element elementor-element-9f94d28 elementor-widget elementor-widget-text-editor\" data-id=\"9f94d28\" data-element_type=\"widget\" data-widget_type=\"text-editor.default\">\n\t\t\t\t<div class=\"elementor-widget-container\">\n\t\t\t\t\t\t\t<p style=\"text-align: center;\"><b>Re\u00faso<\/b><b> de <\/b><b>\u00e1gua<\/b> <b>cinza<\/b><\/p>\t\t\t\t\t\t<\/div>\n\t\t\t\t<\/div>\n\t\t\t\t<div class=\"elementor-element elementor-element-556e0e8 elementor-widget elementor-widget-image\" data-id=\"556e0e8\" data-element_type=\"widget\" data-widget_type=\"image.default\">\n\t\t\t\t<div class=\"elementor-widget-container\">\n\t\t\t\t\t\t\t\t\t\t\t\t\t\t\t<img loading=\"lazy\" decoding=\"async\" width=\"522\" height=\"351\" src=\"https:\/\/infinitytech.com.br\/wp-content\/uploads\/2023\/05\/pira_sb7.png\" class=\"attachment-large size-large wp-image-5463\" alt=\"\" srcset=\"https:\/\/infinitytech.com.br\/wp-content\/uploads\/2023\/05\/pira_sb7.png 522w, https:\/\/infinitytech.com.br\/wp-content\/uploads\/2023\/05\/pira_sb7-300x202.png 300w\" sizes=\"auto, (max-width: 522px) 100vw, 522px\" \/>\t\t\t\t\t\t\t\t\t\t\t\t\t\t\t<\/div>\n\t\t\t\t<\/div>\n\t\t\t\t\t<\/div>\n\t\t<\/div>\n\t\t\t\t\t\t\t<\/div>\n\t\t<\/section>\n\t\t\t\t\t<\/div>\n\t\t<\/div>\n\t\t\t\t\t\t\t<\/div>\n\t\t<\/section>\n\t\t\t\t<section class=\"elementor-section elementor-top-section elementor-element elementor-element-88b88ed elementor-section-boxed elementor-section-height-default elementor-section-height-default\" data-id=\"88b88ed\" data-element_type=\"section\" data-settings=\"{&quot;_ha_eqh_enable&quot;:false}\">\n\t\t\t\t\t\t<div class=\"elementor-container elementor-column-gap-default\">\n\t\t\t\t\t<div class=\"elementor-column elementor-col-100 elementor-top-column elementor-element elementor-element-8cd4190\" data-id=\"8cd4190\" data-element_type=\"column\">\n\t\t\t<div class=\"elementor-widget-wrap elementor-element-populated\">\n\t\t\t\t\t\t\t\t<div class=\"elementor-element elementor-element-8a19571 elementor-widget elementor-widget-heading\" data-id=\"8a19571\" data-element_type=\"widget\" data-widget_type=\"heading.default\">\n\t\t\t\t<div class=\"elementor-widget-container\">\n\t\t\t<h2 class=\"elementor-heading-title elementor-size-default\">Planta industrial\n<\/h2>\t\t<\/div>\n\t\t\t\t<\/div>\n\t\t\t\t<section class=\"elementor-section elementor-inner-section elementor-element elementor-element-b1c3cf6 elementor-section-boxed elementor-section-height-default elementor-section-height-default\" data-id=\"b1c3cf6\" data-element_type=\"section\" data-settings=\"{&quot;_ha_eqh_enable&quot;:false}\">\n\t\t\t\t\t\t<div class=\"elementor-container elementor-column-gap-default\">\n\t\t\t\t\t<div class=\"elementor-column elementor-col-50 elementor-inner-column elementor-element elementor-element-1d65904\" data-id=\"1d65904\" data-element_type=\"column\">\n\t\t\t<div class=\"elementor-widget-wrap elementor-element-populated\">\n\t\t\t\t\t\t\t\t<div class=\"elementor-element elementor-element-11b0717 elementor-widget elementor-widget-text-editor\" data-id=\"11b0717\" data-element_type=\"widget\" data-widget_type=\"text-editor.default\">\n\t\t\t\t<div class=\"elementor-widget-container\">\n\t\t\t\t\t\t\t<p style=\"text-align: center;\"><b>\u00c1gua fria, \u00e1gua quente, g\u00e1s e inc\u00eandio<\/b><\/p>\t\t\t\t\t\t<\/div>\n\t\t\t\t<\/div>\n\t\t\t\t<div class=\"elementor-element elementor-element-77e892f elementor-widget elementor-widget-image\" data-id=\"77e892f\" data-element_type=\"widget\" data-widget_type=\"image.default\">\n\t\t\t\t<div class=\"elementor-widget-container\">\n\t\t\t\t\t\t\t\t\t\t\t\t\t\t\t<img loading=\"lazy\" decoding=\"async\" width=\"520\" height=\"349\" src=\"https:\/\/infinitytech.com.br\/wp-content\/uploads\/2023\/05\/pira_sb8.png\" class=\"attachment-large size-large wp-image-5467\" alt=\"\" srcset=\"https:\/\/infinitytech.com.br\/wp-content\/uploads\/2023\/05\/pira_sb8.png 520w, https:\/\/infinitytech.com.br\/wp-content\/uploads\/2023\/05\/pira_sb8-300x201.png 300w\" sizes=\"auto, (max-width: 520px) 100vw, 520px\" \/>\t\t\t\t\t\t\t\t\t\t\t\t\t\t\t<\/div>\n\t\t\t\t<\/div>\n\t\t\t\t\t<\/div>\n\t\t<\/div>\n\t\t\t\t<div class=\"elementor-column elementor-col-50 elementor-inner-column elementor-element elementor-element-7e03a03\" data-id=\"7e03a03\" data-element_type=\"column\">\n\t\t\t<div class=\"elementor-widget-wrap elementor-element-populated\">\n\t\t\t\t\t\t\t\t<div class=\"elementor-element elementor-element-17178c3 elementor-widget elementor-widget-text-editor\" data-id=\"17178c3\" data-element_type=\"widget\" data-widget_type=\"text-editor.default\">\n\t\t\t\t<div class=\"elementor-widget-container\">\n\t\t\t\t\t\t\t<p style=\"text-align: center;\"><b>Coleta<\/b><b> de <\/b><b>esgoto<\/b> <b>segregado <\/b><b>(<\/b><b>\u00e1gua<\/b> <b>cinza<\/b><b> It is <\/b><b>negra<\/b><b>)<\/b><\/p>\t\t\t\t\t\t<\/div>\n\t\t\t\t<\/div>\n\t\t\t\t<div class=\"elementor-element elementor-element-f560433 elementor-widget elementor-widget-image\" data-id=\"f560433\" data-element_type=\"widget\" data-widget_type=\"image.default\">\n\t\t\t\t<div class=\"elementor-widget-container\">\n\t\t\t\t\t\t\t\t\t\t\t\t\t\t\t<img loading=\"lazy\" decoding=\"async\" width=\"528\" height=\"355\" src=\"https:\/\/infinitytech.com.br\/wp-content\/uploads\/2023\/05\/pira_sb9.png\" class=\"attachment-large size-large wp-image-5468\" alt=\"\" srcset=\"https:\/\/infinitytech.com.br\/wp-content\/uploads\/2023\/05\/pira_sb9.png 528w, https:\/\/infinitytech.com.br\/wp-content\/uploads\/2023\/05\/pira_sb9-300x202.png 300w\" sizes=\"auto, (max-width: 528px) 100vw, 528px\" \/>\t\t\t\t\t\t\t\t\t\t\t\t\t\t\t<\/div>\n\t\t\t\t<\/div>\n\t\t\t\t\t<\/div>\n\t\t<\/div>\n\t\t\t\t\t\t\t<\/div>\n\t\t<\/section>\n\t\t\t\t\t<\/div>\n\t\t<\/div>\n\t\t\t\t\t\t\t<\/div>\n\t\t<\/section>\n\t\t\t\t\t\t\t<\/div>","protected":false},"excerpt":{"rendered":"<p>Planta industrial Auditoria, balan\u00e7o h\u00eddrico e projetos Certifica\u00e7\u00e3o LEED \u201cUM DOS DEZ PR\u00c9DIOS SUSTENT\u00c1VEIS MELHOR AVALIADOS DO MUNDO NA CATEGORIA LEED NEW CONSTRUCTION \u201c \u201cO PR\u00c9DIO COM A MAIOR PONTUA\u00c7\u00c3O DA AM\u00c9RICA LATINA\u201d Planta industrial Auditoria h\u00eddrica, balan\u00e7o h\u00eddrico e projetos Certifica\u00e7\u00e3o LEED USO RACIONAL DE \u00c1GUA Redu\u00e7\u00e3o no consumo de \u00e1gua \u2013 reduzir 20% [&hellip;]<\/p>","protected":false},"author":3,"featured_media":0,"parent":0,"menu_order":0,"comment_status":"closed","ping_status":"closed","template":"","meta":{"footnotes":""},"class_list":["post-5440","page","type-page","status-publish","hentry"],"_links":{"self":[{"href":"https:\/\/infinitytech.com.br\/en\/wp-json\/wp\/v2\/pages\/5440","targetHints":{"allow":["GET"]}}],"collection":[{"href":"https:\/\/infinitytech.com.br\/en\/wp-json\/wp\/v2\/pages"}],"about":[{"href":"https:\/\/infinitytech.com.br\/en\/wp-json\/wp\/v2\/types\/page"}],"author":[{"embeddable":true,"href":"https:\/\/infinitytech.com.br\/en\/wp-json\/wp\/v2\/users\/3"}],"replies":[{"embeddable":true,"href":"https:\/\/infinitytech.com.br\/en\/wp-json\/wp\/v2\/comments?post=5440"}],"version-history":[{"count":25,"href":"https:\/\/infinitytech.com.br\/en\/wp-json\/wp\/v2\/pages\/5440\/revisions"}],"predecessor-version":[{"id":5475,"href":"https:\/\/infinitytech.com.br\/en\/wp-json\/wp\/v2\/pages\/5440\/revisions\/5475"}],"wp:attachment":[{"href":"https:\/\/infinitytech.com.br\/en\/wp-json\/wp\/v2\/media?parent=5440"}],"curies":[{"name":"wp","href":"https:\/\/api.w.org\/{rel}","templated":true}]}}