{"id":624,"date":"2022-09-02T11:26:20","date_gmt":"2022-09-02T14:26:20","guid":{"rendered":"https:\/\/dagobah.servidor.seg.br\/~infinitytechcom\/?page_id=624"},"modified":"2023-07-14T11:23:28","modified_gmt":"2023-07-14T14:23:28","slug":"setores","status":"publish","type":"page","link":"https:\/\/infinitytech.com.br\/en\/setores\/","title":{"rendered":"Sectors"},"content":{"rendered":"<div data-elementor-type=\"wp-page\" data-elementor-id=\"624\" class=\"elementor elementor-624\" data-elementor-post-type=\"page\">\n\t\t\t\t\t\t\t\t\t<section class=\"elementor-section elementor-top-section elementor-element elementor-element-48cb450 elementor-section-boxed elementor-section-height-default elementor-section-height-default\" data-id=\"48cb450\" data-element_type=\"section\" data-settings=\"{&quot;_ha_eqh_enable&quot;:false}\">\n\t\t\t\t\t\t<div class=\"elementor-container elementor-column-gap-default\">\n\t\t\t\t\t<div class=\"elementor-column elementor-col-100 elementor-top-column elementor-element elementor-element-9a7165c\" data-id=\"9a7165c\" data-element_type=\"column\">\n\t\t\t<div class=\"elementor-widget-wrap elementor-element-populated\">\n\t\t\t\t\t\t\t\t<div class=\"elementor-element elementor-element-21a8dd2 elementor-widget elementor-widget-heading\" data-id=\"21a8dd2\" data-element_type=\"widget\" data-widget_type=\"heading.default\">\n\t\t\t\t<div class=\"elementor-widget-container\">\n\t\t\t<style>\/*! elementor - v3.17.0 - 08-11-2023 *\/\n.elementor-heading-title{padding:0;margin:0;line-height:1}.elementor-widget-heading .elementor-heading-title[class*=elementor-size-]>a{color:inherit;font-size:inherit;line-height:inherit}.elementor-widget-heading .elementor-heading-title.elementor-size-small{font-size:15px}.elementor-widget-heading .elementor-heading-title.elementor-size-medium{font-size:19px}.elementor-widget-heading .elementor-heading-title.elementor-size-large{font-size:29px}.elementor-widget-heading .elementor-heading-title.elementor-size-xl{font-size:39px}.elementor-widget-heading .elementor-heading-title.elementor-size-xxl{font-size:59px}<\/style><h2 class=\"elementor-heading-title elementor-size-default\">SECTORS<\/h2>\t\t<\/div>\n\t\t\t\t<\/div>\n\t\t\t\t<section class=\"elementor-section elementor-inner-section elementor-element elementor-element-74503b4 elementor-section-full_width elementor-section-height-default elementor-section-height-default\" data-id=\"74503b4\" data-element_type=\"section\" data-settings=\"{&quot;_ha_eqh_enable&quot;:false}\">\n\t\t\t\t\t\t<div class=\"elementor-container elementor-column-gap-default\">\n\t\t\t\t\t<div class=\"elementor-column elementor-col-100 elementor-inner-column elementor-element elementor-element-dc9d81d\" data-id=\"dc9d81d\" data-element_type=\"column\">\n\t\t\t<div class=\"elementor-widget-wrap elementor-element-populated\">\n\t\t\t\t\t\t\t\t<div class=\"elementor-element elementor-element-4d30c96 elementor-widget elementor-widget-eael-adv-accordion\" data-id=\"4d30c96\" data-element_type=\"widget\" data-widget_type=\"eael-adv-accordion.default\">\n\t\t\t\t<div class=\"elementor-widget-container\">\n\t\t\t        <div class=\"eael-adv-accordion\" id=\"eael-adv-accordion-4d30c96\" data-accordion-id=\"4d30c96\" data-accordion-type=\"accordion\" data-toogle-speed=\"300\">\n    <div class=\"eael-accordion-list\">\n                <div id=\"infraestrutura\" class=\"elementor-tab-title eael-accordion-header\" tabindex=\"0\" data-tab=\"1\" aria-controls=\"elementor-tab-content-8091\"><span class=\"eael-accordion-tab-title\">Infrastructure<\/span><i aria-hidden=\"true\" class=\"fa-toggle fas fa-angle-right\"><\/i><\/div><div id=\"elementor-tab-content-8091\" class=\"eael-accordion-content clearfix\" data-tab=\"1\" aria-labelledby=\"infraestrutura\"><p><p>\ud83c\udf22 Water, sewage and rainwater network projects<\/p><p>\ud83c\udf22 Water reuse projects<\/p><p>\ud83c\udf22 Effluent treatment<\/p><p>\ud83c\udf22 Water treatment<\/p><p>\ud83c\udf22 Water Modeling<\/p><p>\ud83c\udf22 Water sustainability tools<\/p><p>\ud83c\udf22 License licensing<\/p><p>\ud83c\udf22 Flood control in retention and infiltration devices<\/p><p>\ud83c\udf22 Advanced urban drainage management<\/p><p>\ud83c\udf22 Green and blue infrastructure for rainwater management<\/p><p>\ud83c\udf22 Sanitation master plan (water, sewage and rainwater drainage)<\/p><p>\ud83c\udf22 Waste Management Plan<\/p><p>\ud83c\udf22 Urban Solids<\/p><p>\ud83c\udf22 Circular economy<\/p><p>\ud83c\udf22 Municipal Management Plans<\/p><p>\ud83c\udf22 Integrated Solid Waste \u2013 PMGIRS<\/p><p>\ud83c\udf22 Feasibility Study for the Implementation of Intermunicipal Consortia<\/p><\/p><\/div>\n                <\/div><div class=\"eael-accordion-list\">\n                <div id=\"indstria\" class=\"elementor-tab-title eael-accordion-header\" tabindex=\"0\" data-tab=\"2\" aria-controls=\"elementor-tab-content-8092\"><span class=\"eael-accordion-tab-title\">Industry<\/span><i aria-hidden=\"true\" class=\"fa-toggle fas fa-angle-right\"><\/i><\/div><div id=\"elementor-tab-content-8092\" class=\"eael-accordion-content clearfix\" data-tab=\"2\" aria-labelledby=\"indstria\"><p><p>\ud83c\udf22 Water audit and compliance<\/p><p>\ud83c\udf22 Building infrastructure for drinking and non-potable water, sewage and rainwater<\/p><p>\ud83c\udf22 Water reuse<\/p><p>\ud83c\udf22 Use of rain and rainwater<\/p><p>\ud83c\udf22 Effluent treatment<\/p><p>\ud83c\udf22 Water treatment<\/p><p>\ud83c\udf22 Net Zero Water Projects<\/p><p>\ud83c\udf22 Alternative font simulation<\/p><p>\ud83c\udf22 Water conservation<\/p><p>\ud83c\udf22 O&amp;M management and supervision<\/p><p>\ud83c\udf22 3D water modeling \u2013 Point Cloud<\/p><p>\ud83c\udf22 Water sustainability tools<\/p><p>\ud83c\udf22 Strategic plan for companies<\/p><p>\ud83c\udf22 Licensing and grants<\/p><p>\ud83c\udf22 Circular economy<\/p><p>\ud83c\udf22 Urban solid waste management plan<\/p><p>\ud83c\udf22 Gray, blue and green infrastructure (SBN_ Nature-Based Solutions) for rainwater management<\/p><\/p><\/div>\n                <\/div><div class=\"eael-accordion-list\">\n                <div id=\"shopping-center-e-varejo\" class=\"elementor-tab-title eael-accordion-header\" tabindex=\"0\" data-tab=\"3\" aria-controls=\"elementor-tab-content-8093\"><span class=\"eael-accordion-tab-title\">Shopping Center and Retail<\/span><i aria-hidden=\"true\" class=\"fa-toggle fas fa-angle-right\"><\/i><\/div><div id=\"elementor-tab-content-8093\" class=\"eael-accordion-content clearfix\" data-tab=\"3\" aria-labelledby=\"shopping-center-e-varejo\"><p><p>\ud83c\udf22 Water audit and compliance<\/p><p>\ud83c\udf22 Alternative font simulation<\/p><p>\ud83c\udf22 Water conservation<\/p><p>\ud83c\udf22 Strategic water plan<\/p><p>\ud83c\udf22 Water footprint<\/p><p>\ud83c\udf22 Licensing and grants<\/p><p>\ud83c\udf22 Building infrastructure for drinking and non-potable water, sewage and rainwater<\/p><p>\ud83c\udf22 Water reuse<\/p><p>\ud83c\udf22 Use of rain and rainwater<\/p><p>\ud83c\udf22 Effluent treatment<\/p><p>\ud83c\udf22 Water treatment<\/p><p>\ud83c\udf22 Net Zero Water Projects<\/p><p>\ud83c\udf22 Sanitation infrastructure projects, water and sewage networks and urban drainage<\/p><p>\ud83c\udf22 Solutions based on gray, blue and green infrastructure (SBN_ Nature-Based Solutions) for stormwater management<\/p><p>\ud83c\udf22 Urban solid waste management plan<\/p><p>\ud83c\udf22 Management of the Implementation of Water and Sewage Treatment Systems<\/p><p>\ud83c\udf22 O&amp;M supervision of water and effluent treatment systems<\/p><\/p><\/div>\n                <\/div><div class=\"eael-accordion-list\">\n                <div id=\"educao\" class=\"elementor-tab-title eael-accordion-header\" tabindex=\"0\" data-tab=\"4\" aria-controls=\"elementor-tab-content-8094\"><span class=\"eael-accordion-tab-title\">Education<\/span><i aria-hidden=\"true\" class=\"fa-toggle fas fa-angle-right\"><\/i><\/div><div id=\"elementor-tab-content-8094\" class=\"eael-accordion-content clearfix\" data-tab=\"4\" aria-labelledby=\"educao\"><p><p>\ud83c\udf22 Water audit and compliance<\/p><p>\ud83c\udf22 Water conservation<\/p><p>\ud83c\udf22 Simulation of Alternative Water Sources<\/p><p>\ud83c\udf22 Building infrastructure for drinking and non-potable water, sewage and rainwater<\/p><p>\ud83c\udf22 Water reuse<\/p><p>\ud83c\udf22 Use of rain and rainwater<\/p><p>\ud83c\udf22 Effluent treatment<\/p><p>\ud83c\udf22 Water treatment<\/p><p>\ud83c\udf22 Use of water from lowering the table<\/p><p>\ud83c\udf22 Infrastructure Projects: water, sewage and rainwater drainage<\/p><p>\ud83c\udf22 Solutions based on gray, blue and green infrastructure (SBN_ Nature-Based Solutions) for stormwater management<\/p><p>\ud83c\udf22 Net Zero Water Projects<\/p><p>\ud83c\udf22 Management of the Implementation of Water and Sewage Treatment Systems<\/p><p>\ud83c\udf22 O&amp;M supervision of water and effluent treatment systems<\/p><p>\ud83c\udf22 Strategic plan for companies<\/p><p>\ud83c\udf22 Licensing and grants<\/p><\/p><\/div>\n                <\/div><div class=\"eael-accordion-list\">\n                <div id=\"sade\" class=\"elementor-tab-title eael-accordion-header\" tabindex=\"0\" data-tab=\"5\" aria-controls=\"elementor-tab-content-8095\"><span class=\"eael-accordion-tab-title\">Health<\/span><i aria-hidden=\"true\" class=\"fa-toggle fas fa-angle-right\"><\/i><\/div><div id=\"elementor-tab-content-8095\" class=\"eael-accordion-content clearfix\" data-tab=\"5\" aria-labelledby=\"sade\"><p><p>\ud83c\udf22 Water audit and compliance<\/p><p>\ud83c\udf22 Water conservation<\/p><p>\ud83c\udf22 Simulation of Alternative Water Sources<\/p><p>\ud83c\udf22 Building infrastructure for drinking and non-potable water, sewage and rainwater<\/p><p>\ud83c\udf22 Water reuse<\/p><p>\ud83c\udf22 Use of rain and rainwater<\/p><p>\ud83c\udf22 Effluent treatment<\/p><p>\ud83c\udf22 Water treatment<\/p><p>\ud83c\udf22 Use of water from lowering the table<\/p><p>\ud83c\udf22 Infrastructure Projects: water, sewage and rainwater drainage<\/p><p>\ud83c\udf22 Solutions based on gray, blue and green infrastructure (SBN_ Nature-Based Solutions) for stormwater management<\/p><p>\ud83c\udf22 Net Zero Water Projects<\/p><p>\ud83c\udf22 Management of the Implementation of Water and Sewage Treatment Systems<\/p><p>\ud83c\udf22 O&amp;M supervision of water and effluent treatment systems<\/p><p>\ud83c\udf22 Strategic plan for companies<\/p><p>\ud83c\udf22 Licensing and grants<\/p><\/p><\/div>\n                <\/div><div class=\"eael-accordion-list\">\n                <div id=\"instituies-financeiras\" class=\"elementor-tab-title eael-accordion-header\" tabindex=\"0\" data-tab=\"6\" aria-controls=\"elementor-tab-content-8096\"><span class=\"eael-accordion-tab-title\">Financial Institution<\/span><i aria-hidden=\"true\" class=\"fa-toggle fas fa-angle-right\"><\/i><\/div><div id=\"elementor-tab-content-8096\" class=\"eael-accordion-content clearfix\" data-tab=\"6\" aria-labelledby=\"instituies-financeiras\"><p><p>\ud83c\udf22 Water, sewage and rainwater network projects<\/p><p>\ud83c\udf22 Water reuse projects<\/p><p>\ud83c\udf22 Effluent treatment<\/p><p>\ud83c\udf22 Water treatment<\/p><p>\ud83c\udf22 Water Modeling<\/p><p>\ud83c\udf22 Water sustainability tools<\/p><p>\ud83c\udf22 Licensing and grants<\/p><p>\ud83c\udf22 Flood control in retention and infiltration devices<\/p><p>\ud83c\udf22 Advanced urban drainage management<\/p><p>\ud83c\udf22 Green and blue infrastructures for rainwater management<\/p><p>\ud83c\udf22 Sanitation master plan (water, sewage and rainwater drainage)<\/p><p>\ud83c\udf22 Urban Solid Waste Management Plan<\/p><p>\ud83c\udf22 Circular Economy<\/p><p>\ud83c\udf22 Municipal Integrated Solid Waste Management Plans \u2013 PMGIRS<\/p><p>\ud83c\udf22 Feasibility Study for the Implementation of Intermunicipal Consortia<\/p><\/p><\/div>\n                <\/div><div class=\"eael-accordion-list\">\n                <div id=\"real-state-comercial-galpes-logsticos-residenciais\" class=\"elementor-tab-title eael-accordion-header\" tabindex=\"0\" data-tab=\"7\" aria-controls=\"elementor-tab-content-8097\"><span class=\"eael-accordion-tab-title\">Real State (Commercial, logistics warehouses, residential)<\/span><i aria-hidden=\"true\" class=\"fa-toggle fas fa-angle-right\"><\/i><\/div><div id=\"elementor-tab-content-8097\" class=\"eael-accordion-content clearfix\" data-tab=\"7\" aria-labelledby=\"real-state-comercial-galpes-logsticos-residenciais\"><p><p>\ud83c\udf22 Water audit and compliance<\/p><p>\ud83c\udf22 Water conservation<\/p><p>\ud83c\udf22 Simulation of Alternative Water Sources<\/p><p>\ud83c\udf22 Building infrastructure for drinking and non-potable water, sewage and rainwater<\/p><p>\ud83c\udf22 Water reuse<\/p><p>\ud83c\udf22 Use of rain and rainwater<\/p><p>\ud83c\udf22 Effluent treatment<\/p><p>\ud83c\udf22 Water treatment<\/p><p>\ud83c\udf22 Use of water from lowering the table<\/p><p>\ud83c\udf22 Infrastructure Projects: water, sewage and rainwater drainage<\/p><p>\ud83c\udf22 Solutions based on gray, blue and green infrastructure (SBN_ Nature-Based Solutions) for stormwater management<\/p><p>\ud83c\udf22 Net Zero Water Projects<\/p><p>\ud83c\udf22 Management of the Implementation of Water and Sewage Treatment Systems<\/p><p>\ud83c\udf22 O&amp;M supervision of water and effluent treatment systems<\/p><p>\ud83c\udf22 Licensing and grants<\/p><p>\ud83c\udf22 Sanitation Infrastructure Projects<\/p><p>\ud83c\udf22 Gray infrastructure solutions for rainwater management<\/p><p>\ud83c\udf22 Flood control in retention and infiltration devices<\/p><p>\ud83c\udf22 Strategic plan for companies<\/p><p>\ud83c\udf22 Solutions for lakes and water bodies<\/p><p>\ud83c\udf22 Flood control in retention and infiltration devices<\/p><\/p><\/div>\n                <\/div><\/div>\t\t<\/div>\n\t\t\t\t<\/div>\n\t\t\t\t\t<\/div>\n\t\t<\/div>\n\t\t\t\t\t\t\t<\/div>\n\t\t<\/section>\n\t\t\t\t\t<\/div>\n\t\t<\/div>\n\t\t\t\t\t\t\t<\/div>\n\t\t<\/section>\n\t\t\t\t\t\t\t<\/div>","protected":false},"excerpt":{"rendered":"<p>SETORES Infraestrutura Projetos de rede de \u00e1gua, esgoto e pluvial Projetos de re\u00faso de \u00e1gua Tratamento de efluentes Tratamento de \u00e1gua Modelagem h\u00eddrica Ferramentas de sustentabilidade h\u00eddrica Licenciamento de outorgas Controle de inunda\u00e7\u00f5es em dispositivos de reten\u00e7\u00e3o e infiltra\u00e7\u00e3o Gest\u00e3o avan\u00e7ada de drenagem urbana Infraestrutura verdes e azuis para a gest\u00e3o das \u00e1guas pluviais Plano [&hellip;]<\/p>","protected":false},"author":1,"featured_media":0,"parent":0,"menu_order":20,"comment_status":"closed","ping_status":"closed","template":"","meta":{"footnotes":""},"class_list":["post-624","page","type-page","status-publish","hentry"],"_links":{"self":[{"href":"https:\/\/infinitytech.com.br\/en\/wp-json\/wp\/v2\/pages\/624","targetHints":{"allow":["GET"]}}],"collection":[{"href":"https:\/\/infinitytech.com.br\/en\/wp-json\/wp\/v2\/pages"}],"about":[{"href":"https:\/\/infinitytech.com.br\/en\/wp-json\/wp\/v2\/types\/page"}],"author":[{"embeddable":true,"href":"https:\/\/infinitytech.com.br\/en\/wp-json\/wp\/v2\/users\/1"}],"replies":[{"embeddable":true,"href":"https:\/\/infinitytech.com.br\/en\/wp-json\/wp\/v2\/comments?post=624"}],"version-history":[{"count":382,"href":"https:\/\/infinitytech.com.br\/en\/wp-json\/wp\/v2\/pages\/624\/revisions"}],"predecessor-version":[{"id":6851,"href":"https:\/\/infinitytech.com.br\/en\/wp-json\/wp\/v2\/pages\/624\/revisions\/6851"}],"wp:attachment":[{"href":"https:\/\/infinitytech.com.br\/en\/wp-json\/wp\/v2\/media?parent=624"}],"curies":[{"name":"wp","href":"https:\/\/api.w.org\/{rel}","templated":true}]}}